{"id":202,"date":"2020-07-09T10:28:47","date_gmt":"2020-07-09T10:28:47","guid":{"rendered":"http:\/\/www.fra-com.com\/?page_id=202"},"modified":"2025-02-10T12:30:19","modified_gmt":"2025-02-10T12:30:19","slug":"about-us","status":"publish","type":"page","link":"https:\/\/www.fra-com.com\/index.php\/about-us\/","title":{"rendered":""},"content":{"rendered":"\n<p class=\"has-text-align-left\" style=\"font-size:29px\"><strong>Willkommen bei Fra-Com Markus Franken<\/strong><\/p>\n\n\n\n<p class=\"has-text-align-left has-normal-font-size\"><strong>+++ M<\/strong><strong>\u00f6<\/strong><strong>belagentur +++ Kaizen Consulting +++ Scouting +++ SOFAN +++ HoReCa +++<\/strong><\/p>\n\n\n\n<figure class=\"wp-block-image size-large is-resized\"><img loading=\"lazy\" src=\"http:\/\/www.fra-com.com\/wp-content\/uploads\/2020\/07\/pole.png\" alt=\"\" class=\"wp-image-474\" width=\"35\" height=\"21\"\/><\/figure>\n\n\n\n<p>Seit 2010 arbeiten wir erfolgreich als M\u00f6belagentur mit Sitz im niederschlesischen Ole\u015bnica (\u00d6ls), und bedienen unsere Kunden mit polnischen Qualit\u00e4tsprodukten aus der M\u00f6belbranche.<\/p>\n\n\n\n<p>Unser Gesch\u00e4ft legt seinen Schwerpunkt darauf, westeurop\u00e4ischen H\u00e4ndlern, die Suche nach kompetenten polnischen Herstellern in der M\u00f6belfertigung und die sp\u00e4tere Zusammenarbeit zu erm\u00f6glichen, bzw. zu erleichtern.<\/p>\n\n\n\n<p>Unsere mehr als 30-j\u00e4hrige Erfahrung in f\u00fchrenden Funktionen der M\u00f6belindustrie, sowie die Qualifikation in modernen Produktionsmethoden (Kaizen Management) kommt unseren Kunden hier voll und ganz zu Gute. Dabei gilt das Augenmerk auf Qualit\u00e4t, Vertrauen und Wirtschaftlichkeit.<\/p>\n\n\n\n<p><strong>Vision:<\/strong>    Erfolgreich durch Erfahrung, menschlich und fachgerecht!<\/p>\n\n\n\n<p><strong>Mission:<\/strong>    Nur Win-Win macht wirklich Sinn!<\/p>\n\n\n\n<p>F\u00fcr die Menschen mit denen wir zusammenarbeiten, schaffen wir Win-Win!<\/p>\n\n\n\n<p><strong>Strategie:    <\/strong>Fra-Com Markus Franken basiert auf vier S\u00e4ulen, welche ein m\u00f6glichst breites Spektrum der M\u00f6belwelt abdecken. Indem wir die Synergien und St\u00e4rken der einzelnen Hersteller nutzen und verkn\u00fcpfen, k\u00f6nnen wir diese im Sinne unserer Kunden perfekt einsetzen. Im Gegenzug profitieren alle Hersteller vom Wissen \u00fcber moderne Produktions-Methoden bis hin zur Schulung des Personals.<\/p>\n\n\n\n<figure class=\"wp-block-image size-large is-resized\"><img loading=\"lazy\" src=\"http:\/\/www.fra-com.com\/wp-content\/uploads\/2020\/07\/pole.png\" alt=\"\" class=\"wp-image-474\" width=\"34\" height=\"20\"\/><\/figure>\n\n\n\n<p>Die 4 S\u00e4ulen <\/p>\n\n\n\n<p class=\"has-vivid-cyan-blue-color has-text-color\" style=\"font-size:17px\"><a href=\"http:\/\/www.fra-com.com\/index.php\/scouting-services\/\">S<\/a><a rel=\"noreferrer noopener\" href=\"http:\/\/www.fra-com.com\/index.php\/scouting-services\/\" target=\"_blank\">COUTING <br><\/a><a href=\"http:\/\/www.fra-com.com\/index.php\/sofan\/\" target=\"_blank\" rel=\"noreferrer noopener\">SOFAN <\/a><br><a href=\"http:\/\/www.fra-com.com\/index.php\/horeca-2\/\" target=\"_blank\" rel=\"noreferrer noopener\">HoReCa<\/a><br><a href=\"http:\/\/www.fra-com.com\/index.php\/5s-kaizen-2\/\" target=\"_blank\" rel=\"noreferrer noopener\">Kaizen 5S Consulting<\/a><\/p>\n\n\n\n<figure class=\"wp-block-image size-large\"><img loading=\"lazy\" width=\"1024\" height=\"644\" src=\"http:\/\/www.fra-com.com\/wp-content\/uploads\/2020\/07\/about-us2-1024x644.jpg\" alt=\"\" class=\"wp-image-645\" srcset=\"https:\/\/www.fra-com.com\/wp-content\/uploads\/2020\/07\/about-us2-1024x644.jpg 1024w, https:\/\/www.fra-com.com\/wp-content\/uploads\/2020\/07\/about-us2-300x189.jpg 300w, https:\/\/www.fra-com.com\/wp-content\/uploads\/2020\/07\/about-us2-768x483.jpg 768w, https:\/\/www.fra-com.com\/wp-content\/uploads\/2020\/07\/about-us2-1536x966.jpg 1536w, https:\/\/www.fra-com.com\/wp-content\/uploads\/2020\/07\/about-us2.jpg 1583w\" sizes=\"(max-width: 1024px) 100vw, 1024px\" \/><\/figure>\n\n\n\n<figure class=\"wp-block-image size-large is-resized\"><img loading=\"lazy\" src=\"http:\/\/www.fra-com.com\/wp-content\/uploads\/2020\/07\/pole.png\" alt=\"\" class=\"wp-image-474\" width=\"34\" height=\"20\"\/><\/figure>\n\n\n\n<p><\/p>\n\n\n\n<figure class=\"wp-block-image size-large is-resized\"><img loading=\"lazy\" src=\"http:\/\/www.fra-com.com\/wp-content\/uploads\/2020\/07\/pole.png\" alt=\"\" class=\"wp-image-474\" width=\"34\" height=\"20\"\/><\/figure>\n\n\n\n<p class=\"has-normal-font-size\"><strong><em>Zu meiner Person:<\/em><\/strong><\/p>\n\n\n\n<figure class=\"wp-block-image size-large is-resized\"><img loading=\"lazy\" src=\"http:\/\/www.fra-com.com\/wp-content\/uploads\/2020\/07\/pole.png\" alt=\"\" class=\"wp-image-474\" width=\"34\" height=\"20\"\/><\/figure>\n\n\n\n<figure class=\"wp-block-image size-large is-resized\"><img loading=\"lazy\" src=\"http:\/\/www.fra-com.com\/wp-content\/uploads\/2020\/07\/f-1024x569.jpg\" alt=\"\" class=\"wp-image-740\" width=\"1450\" height=\"805\" srcset=\"https:\/\/www.fra-com.com\/wp-content\/uploads\/2020\/07\/f-1024x569.jpg 1024w, https:\/\/www.fra-com.com\/wp-content\/uploads\/2020\/07\/f-300x167.jpg 300w, https:\/\/www.fra-com.com\/wp-content\/uploads\/2020\/07\/f-768x427.jpg 768w, https:\/\/www.fra-com.com\/wp-content\/uploads\/2020\/07\/f-1536x854.jpg 1536w, https:\/\/www.fra-com.com\/wp-content\/uploads\/2020\/07\/f-2048x1138.jpg 2048w\" sizes=\"(max-width: 1450px) 100vw, 1450px\" \/><\/figure>\n\n\n\n<figure class=\"wp-block-image size-large is-resized\"><img loading=\"lazy\" src=\"http:\/\/www.fra-com.com\/wp-content\/uploads\/2020\/07\/pole.png\" alt=\"\" class=\"wp-image-474\" width=\"34\" height=\"20\"\/><\/figure>\n\n\n\n<p>Markus Franken, Belgier, Jahrgang 1965, DE, FR, PL, EN, NL<\/p>\n\n\n\n<p>Vater von 5 T\u00f6chtern.<\/p>\n\n\n\n<p>Schreiner, Polsterer, zertifizierter Kaizen Manager.<\/p>\n\n\n\n<p>Bis 1990 in Belgien: Schreiner &#8211; Zimmermann, Industrieschreiner, Polsterm\u00f6belbau, Industriepolstermeister<\/p>\n\n\n\n<p>Seit 1991 in Polen:<\/p>\n\n\n\n<ul><li>Projektmanagement &#8211; Aufbau mehrerer Produktionsstandorte f\u00fcr den gr\u00f6\u00dften belgischen Polsterm\u00f6belhersteller.<\/li><li>Produktionsmanagement \u2013 leitende Funktionen mit bis zu 500 Mitarbeitern.<\/li><li>Kaizen Management \u2013 Ausbildung zum Kaizen Manager im Kaizen Institute Deutschland, Umstrukturierung der Produktionsstandorte von traditionellen Handwerksbetrieben auf moderne Lean-Industriefertigung.<\/li><li>2010 selbstst\u00e4ndig mit Fra-Com Markus Franken.<\/li><\/ul>\n\n\n\n<p style=\"font-size:17px\"><strong>Kontakt<\/strong>: +48&nbsp;601 747021<\/p>\n\n\n\n<p class=\"has-vivid-cyan-blue-color has-text-color\" style=\"font-size:17px\"><a href=\"mailto:info@fra-com.com\">info@fra-com.com<\/a><\/p>\n\n\n\n<p class=\"has-normal-font-size\">See more:<\/p>\n","protected":false},"excerpt":{"rendered":"<p>Willkommen bei Fra-Com Markus Franken +++ M\u00f6belagentur +++ Kaizen Consulting +++ Scouting +++ SOFAN +++ HoReCa +++ Seit 2010 arbeiten wir erfolgreich als M\u00f6belagentur mit Sitz im niederschlesischen Ole\u015bnica (\u00d6ls), und bedienen unsere Kunden mit polnischen Qualit\u00e4tsprodukten aus der M\u00f6belbranche. Unser Gesch\u00e4ft legt seinen Schwerpunkt darauf, westeurop\u00e4ischen H\u00e4ndlern, die Suche nach kompetenten polnischen Herstellern in [&hellip;]<\/p>\n","protected":false},"author":1,"featured_media":0,"parent":0,"menu_order":0,"comment_status":"closed","ping_status":"closed","template":"","meta":[],"_links":{"self":[{"href":"https:\/\/www.fra-com.com\/index.php\/wp-json\/wp\/v2\/pages\/202"}],"collection":[{"href":"https:\/\/www.fra-com.com\/index.php\/wp-json\/wp\/v2\/pages"}],"about":[{"href":"https:\/\/www.fra-com.com\/index.php\/wp-json\/wp\/v2\/types\/page"}],"author":[{"embeddable":true,"href":"https:\/\/www.fra-com.com\/index.php\/wp-json\/wp\/v2\/users\/1"}],"replies":[{"embeddable":true,"href":"https:\/\/www.fra-com.com\/index.php\/wp-json\/wp\/v2\/comments?post=202"}],"version-history":[{"count":26,"href":"https:\/\/www.fra-com.com\/index.php\/wp-json\/wp\/v2\/pages\/202\/revisions"}],"predecessor-version":[{"id":976,"href":"https:\/\/www.fra-com.com\/index.php\/wp-json\/wp\/v2\/pages\/202\/revisions\/976"}],"wp:attachment":[{"href":"https:\/\/www.fra-com.com\/index.php\/wp-json\/wp\/v2\/media?parent=202"}],"curies":[{"name":"wp","href":"https:\/\/api.w.org\/{rel}","templated":true}]}}