{"id":52,"date":"2020-06-11T10:54:16","date_gmt":"2020-06-11T10:54:16","guid":{"rendered":"http:\/\/www.fra-com.com\/?page_id=52"},"modified":"2025-02-10T12:28:21","modified_gmt":"2025-02-10T12:28:21","slug":"sofan","status":"publish","type":"page","link":"https:\/\/www.fra-com.com\/index.php\/sofan\/","title":{"rendered":""},"content":{"rendered":"\n<figure class=\"wp-block-image size-large is-resized\"><img loading=\"lazy\" src=\"http:\/\/www.fra-com.com\/wp-content\/uploads\/2020\/07\/Bez-tytu\u0142u-5.png\" alt=\"\" class=\"wp-image-177\" width=\"69\" height=\"20\" srcset=\"https:\/\/www.fra-com.com\/wp-content\/uploads\/2020\/07\/Bez-tytu\u0142u-5.png 329w, https:\/\/www.fra-com.com\/wp-content\/uploads\/2020\/07\/Bez-tytu\u0142u-5-300x88.png 300w\" sizes=\"(max-width: 69px) 100vw, 69px\" \/><\/figure>\n\n\n\n<figure class=\"wp-block-image size-full is-resized is-style-default\"><img loading=\"lazy\" src=\"http:\/\/www.fra-com.com\/wp-content\/uploads\/2020\/07\/blanco.jpg\" alt=\"\" class=\"wp-image-457\" width=\"1450\" height=\"245\" srcset=\"https:\/\/www.fra-com.com\/wp-content\/uploads\/2020\/07\/blanco-300x51.jpg 300w, https:\/\/www.fra-com.com\/wp-content\/uploads\/2020\/07\/blanco-1024x174.jpg 1024w, https:\/\/www.fra-com.com\/wp-content\/uploads\/2020\/07\/blanco-768x131.jpg 768w, https:\/\/www.fra-com.com\/wp-content\/uploads\/2020\/07\/blanco-1536x261.jpg 1536w, https:\/\/www.fra-com.com\/wp-content\/uploads\/2020\/07\/blanco-2048x348.jpg 2048w\" sizes=\"(max-width: 1450px) 100vw, 1450px\" \/><\/figure>\n\n\n\n<figure class=\"wp-block-image size-large is-resized\"><img loading=\"lazy\" src=\"http:\/\/www.fra-com.com\/wp-content\/uploads\/2020\/07\/Bez-tytu\u0142u-5.png\" alt=\"\" class=\"wp-image-177\" width=\"69\" height=\"20\" srcset=\"https:\/\/www.fra-com.com\/wp-content\/uploads\/2020\/07\/Bez-tytu\u0142u-5.png 329w, https:\/\/www.fra-com.com\/wp-content\/uploads\/2020\/07\/Bez-tytu\u0142u-5-300x88.png 300w\" sizes=\"(max-width: 69px) 100vw, 69px\" \/><\/figure>\n\n\n\n<p>Seit 2016 entwickelt FRA-COM gemeinsam mit Handelspartnern in Europa Polsterm\u00f6bel, mit hohem Anspruch an Funktionalit\u00e4t, Spa\u00df beim Budget, Qualit\u00e4t und Design. Unsere Zielgruppe stellt sich hier aus Menschen zusammen, welche ihre Polsterm\u00f6bel online kaufen. Unsere Handelspartner sind Katalog- und Onlineh\u00e4ndler in Europa. Die M\u00f6bel zielen auf trendorientiertes, anspruchsvolles aber schlichtes Design, geringes Transportvolumen, kundenfreundliche Montage, ohne dabei die Funktionsf\u00e4higkeit aus dem Auge zu verlieren ab. Alle SOFAN Produkte besitzen Schlaffunktion sowie Staufach, und werden an polnischen Standorten, von qualifizierten Handwerkern hergestellt.&nbsp;<\/p>\n\n\n\n<p>Die Erfahrung w\u00e4hrend meiner beruflichen Karriere im Produktionsmanagement und als Kaizen Manager, bei der Herstellung von \u00fcber 1.000.000 Polsterm\u00f6belgarnituren, kommt den SOFAN Produkten mit ganzer Kraft zu Gute.<\/p>\n\n\n\n<p>So konnten wir in den vergangenen 4 Jahren sehr erfolgreich schon \u00fcber 15.000 SOFAN Garnituren an zufrieden Kunden ausliefern.&nbsp;<\/p>\n\n\n\n<figure class=\"wp-block-image size-large is-resized\"><img loading=\"lazy\" src=\"http:\/\/www.fra-com.com\/wp-content\/uploads\/2020\/07\/Bez-tytu\u0142u-5.png\" alt=\"\" class=\"wp-image-177\" width=\"69\" height=\"20\" srcset=\"https:\/\/www.fra-com.com\/wp-content\/uploads\/2020\/07\/Bez-tytu\u0142u-5.png 329w, https:\/\/www.fra-com.com\/wp-content\/uploads\/2020\/07\/Bez-tytu\u0142u-5-300x88.png 300w\" sizes=\"(max-width: 69px) 100vw, 69px\" \/><\/figure>\n\n\n\n<figure class=\"wp-block-image size-large is-resized\"><img loading=\"lazy\" src=\"http:\/\/www.fra-com.com\/wp-content\/uploads\/2020\/07\/Kopfleiste-SOFAN-1024x177.png\" alt=\"\" class=\"wp-image-274\" width=\"1450\" height=\"250\" srcset=\"https:\/\/www.fra-com.com\/wp-content\/uploads\/2020\/07\/Kopfleiste-SOFAN-1024x177.png 1024w, https:\/\/www.fra-com.com\/wp-content\/uploads\/2020\/07\/Kopfleiste-SOFAN-300x52.png 300w, https:\/\/www.fra-com.com\/wp-content\/uploads\/2020\/07\/Kopfleiste-SOFAN-768x132.png 768w, https:\/\/www.fra-com.com\/wp-content\/uploads\/2020\/07\/Kopfleiste-SOFAN-1536x265.png 1536w, https:\/\/www.fra-com.com\/wp-content\/uploads\/2020\/07\/Kopfleiste-SOFAN.png 1710w\" sizes=\"(max-width: 1450px) 100vw, 1450px\" \/><\/figure>\n\n\n\n<figure class=\"wp-block-image size-large is-resized\"><img loading=\"lazy\" src=\"http:\/\/www.fra-com.com\/wp-content\/uploads\/2020\/07\/Bez-tytu\u0142u-5.png\" alt=\"\" class=\"wp-image-177\" width=\"120\" height=\"35\" srcset=\"https:\/\/www.fra-com.com\/wp-content\/uploads\/2020\/07\/Bez-tytu\u0142u-5.png 329w, https:\/\/www.fra-com.com\/wp-content\/uploads\/2020\/07\/Bez-tytu\u0142u-5-300x88.png 300w\" sizes=\"(max-width: 120px) 100vw, 120px\" \/><\/figure>\n\n\n\n<p class=\"has-text-align-left\" style=\"font-size:18px\"><strong>Sie sind Profi, oder wollen einer werden?<\/strong><\/p>\n\n\n\n<p>Sind Sie erfolgreich im Online Handel, sind Sie interessiert Ihr Sortiment um eine pfiffige Kollektion zu erweitern? &nbsp;<\/p>\n\n\n\n<p>Gerne laden wir Sie zu einem Besuch in unserem SHOW ROOM am Standort in Ole\u015bnica Polen ein.<\/p>\n\n\n\n<p>Eine Terminabsprache k\u00f6nnen Sie gerne unter <a href=\"mailto:info@fra-com.com\">info@fra-com.com<\/a> anfragen. Bitte teilen Sie uns bei der Anfrage folgende Informationen mit:<\/p>\n\n\n\n<ul><li>Betreff: Interesse an SOFAN&nbsp;<\/li><li>Website Ihres Shops<\/li><li>Zeitfenster f\u00fcr Terminwunsch<\/li><li>Erwartungen \u2013 Modellspezifisch<\/li><li>Erwartungen \u2013 Mengenpotential<\/li><\/ul>\n\n\n\n<p><strong>Sie sind Endverbraucher und interessiert an unseren Produkten? <\/strong>&nbsp;<\/p>\n\n\n\n<p>Auf Terminabsprache im Show-Room Ole\u015bnica, oder auf olx.pl finden Sie die M\u00f6glichkeit SOFAN Produkte direkt einzukaufen.<\/p>\n\n\n\n<p>Wir w\u00fcnschen Ihnen viel Fun bei der Entdeckung der SOFAN Welt.&nbsp;<\/p>\n\n\n\n<figure class=\"wp-block-image size-large is-resized\"><img loading=\"lazy\" src=\"http:\/\/www.fra-com.com\/wp-content\/uploads\/2020\/07\/Bez-tytu\u0142u-5.png\" alt=\"\" class=\"wp-image-177\" width=\"69\" height=\"20\" srcset=\"https:\/\/www.fra-com.com\/wp-content\/uploads\/2020\/07\/Bez-tytu\u0142u-5.png 329w, https:\/\/www.fra-com.com\/wp-content\/uploads\/2020\/07\/Bez-tytu\u0142u-5-300x88.png 300w\" sizes=\"(max-width: 69px) 100vw, 69px\" \/><\/figure>\n\n\n\n<div class=\"wp-block-group\"><div class=\"wp-block-group__inner-container\">\n<p class=\"has-very-dark-gray-color has-text-color\" style=\"font-size:25px\"><strong>Aktuell aus unserer Kollektion:  <\/strong><\/p>\n<\/div><\/div>\n\n\n\n<div class=\"wp-block-columns\">\n<div class=\"wp-block-column\" style=\"flex-basis:100%\">\n<div class=\"wp-block-columns\">\n<div class=\"wp-block-column\" style=\"flex-basis:100%\">\n<div class=\"wp-block-columns\">\n<div class=\"wp-block-column\" style=\"flex-basis:100%\">\n<div class=\"wp-block-group\"><div class=\"wp-block-group__inner-container\">\n<figure class=\"wp-block-gallery columns-3 is-cropped\"><ul class=\"blocks-gallery-grid\"><li class=\"blocks-gallery-item\"><figure><img loading=\"lazy\" width=\"300\" height=\"193\" src=\"https:\/\/www.fra-com.com\/wp-content\/uploads\/2025\/02\/cristal-1-300x193.jpg\" alt=\"\" data-id=\"961\" data-link=\"https:\/\/www.fra-com.com\/index.php\/sofan\/cristal-1\/\" class=\"wp-image-961\" srcset=\"https:\/\/www.fra-com.com\/wp-content\/uploads\/2025\/02\/cristal-1-300x193.jpg 300w, https:\/\/www.fra-com.com\/wp-content\/uploads\/2025\/02\/cristal-1-768x493.jpg 768w, https:\/\/www.fra-com.com\/wp-content\/uploads\/2025\/02\/cristal-1.jpg 892w\" sizes=\"(max-width: 300px) 100vw, 300px\" \/><\/figure><\/li><li class=\"blocks-gallery-item\"><figure><img loading=\"lazy\" width=\"1024\" height=\"689\" src=\"https:\/\/www.fra-com.com\/wp-content\/uploads\/2025\/02\/cristal-puf-1024x689.jpg\" alt=\"\" data-id=\"966\" data-link=\"https:\/\/www.fra-com.com\/index.php\/sofan\/cristal-puf\/\" class=\"wp-image-966\" srcset=\"https:\/\/www.fra-com.com\/wp-content\/uploads\/2025\/02\/cristal-puf-1024x689.jpg 1024w, https:\/\/www.fra-com.com\/wp-content\/uploads\/2025\/02\/cristal-puf-300x202.jpg 300w, https:\/\/www.fra-com.com\/wp-content\/uploads\/2025\/02\/cristal-puf-768x517.jpg 768w, https:\/\/www.fra-com.com\/wp-content\/uploads\/2025\/02\/cristal-puf.jpg 1184w\" sizes=\"(max-width: 1024px) 100vw, 1024px\" \/><\/figure><\/li><li class=\"blocks-gallery-item\"><figure><img loading=\"lazy\" width=\"1024\" height=\"543\" src=\"https:\/\/www.fra-com.com\/wp-content\/uploads\/2025\/02\/loutro-2-1024x543.jpg\" alt=\"\" data-id=\"974\" data-full-url=\"https:\/\/www.fra-com.com\/wp-content\/uploads\/2025\/02\/loutro-2.jpg\" data-link=\"https:\/\/www.fra-com.com\/index.php\/sofan\/loutro-2\/\" class=\"wp-image-974\" srcset=\"https:\/\/www.fra-com.com\/wp-content\/uploads\/2025\/02\/loutro-2-1024x543.jpg 1024w, https:\/\/www.fra-com.com\/wp-content\/uploads\/2025\/02\/loutro-2-300x159.jpg 300w, https:\/\/www.fra-com.com\/wp-content\/uploads\/2025\/02\/loutro-2-768x407.jpg 768w, https:\/\/www.fra-com.com\/wp-content\/uploads\/2025\/02\/loutro-2.jpg 1429w\" sizes=\"(max-width: 1024px) 100vw, 1024px\" \/><\/figure><\/li><li class=\"blocks-gallery-item\"><figure><img loading=\"lazy\" width=\"300\" height=\"186\" src=\"https:\/\/www.fra-com.com\/wp-content\/uploads\/2025\/02\/harper-300x186.jpg\" alt=\"\" data-id=\"963\" data-link=\"https:\/\/www.fra-com.com\/index.php\/sofan\/harper\/\" class=\"wp-image-963\" srcset=\"https:\/\/www.fra-com.com\/wp-content\/uploads\/2025\/02\/harper-300x186.jpg 300w, https:\/\/www.fra-com.com\/wp-content\/uploads\/2025\/02\/harper-768x476.jpg 768w, https:\/\/www.fra-com.com\/wp-content\/uploads\/2025\/02\/harper.jpg 924w\" sizes=\"(max-width: 300px) 100vw, 300px\" \/><\/figure><\/li><li class=\"blocks-gallery-item\"><figure><img loading=\"lazy\" width=\"300\" height=\"181\" src=\"https:\/\/www.fra-com.com\/wp-content\/uploads\/2025\/02\/kurt-300x181.jpg\" alt=\"\" data-id=\"964\" data-link=\"https:\/\/www.fra-com.com\/index.php\/sofan\/kurt\/\" class=\"wp-image-964\" srcset=\"https:\/\/www.fra-com.com\/wp-content\/uploads\/2025\/02\/kurt-300x181.jpg 300w, https:\/\/www.fra-com.com\/wp-content\/uploads\/2025\/02\/kurt-768x464.jpg 768w, https:\/\/www.fra-com.com\/wp-content\/uploads\/2025\/02\/kurt.jpg 949w\" sizes=\"(max-width: 300px) 100vw, 300px\" \/><\/figure><\/li><li class=\"blocks-gallery-item\"><figure><img loading=\"lazy\" width=\"300\" height=\"194\" src=\"https:\/\/www.fra-com.com\/wp-content\/uploads\/2025\/02\/marvin-300x194.jpg\" alt=\"\" data-id=\"965\" data-link=\"https:\/\/www.fra-com.com\/index.php\/sofan\/marvin\/\" class=\"wp-image-965\" srcset=\"https:\/\/www.fra-com.com\/wp-content\/uploads\/2025\/02\/marvin-300x194.jpg 300w, https:\/\/www.fra-com.com\/wp-content\/uploads\/2025\/02\/marvin-768x496.jpg 768w, https:\/\/www.fra-com.com\/wp-content\/uploads\/2025\/02\/marvin.jpg 887w\" sizes=\"(max-width: 300px) 100vw, 300px\" \/><\/figure><\/li><li class=\"blocks-gallery-item\"><figure><img loading=\"lazy\" width=\"899\" height=\"573\" src=\"https:\/\/www.fra-com.com\/wp-content\/uploads\/2025\/02\/nora.jpg\" alt=\"\" data-id=\"968\" data-link=\"https:\/\/www.fra-com.com\/index.php\/sofan\/nora\/\" class=\"wp-image-968\" srcset=\"https:\/\/www.fra-com.com\/wp-content\/uploads\/2025\/02\/nora.jpg 899w, https:\/\/www.fra-com.com\/wp-content\/uploads\/2025\/02\/nora-300x191.jpg 300w, https:\/\/www.fra-com.com\/wp-content\/uploads\/2025\/02\/nora-768x490.jpg 768w\" sizes=\"(max-width: 899px) 100vw, 899px\" \/><\/figure><\/li><li class=\"blocks-gallery-item\"><figure><img loading=\"lazy\" width=\"951\" height=\"599\" src=\"https:\/\/www.fra-com.com\/wp-content\/uploads\/2025\/02\/elton.jpg\" alt=\"\" data-id=\"970\" data-link=\"https:\/\/www.fra-com.com\/index.php\/sofan\/elton\/\" class=\"wp-image-970\" srcset=\"https:\/\/www.fra-com.com\/wp-content\/uploads\/2025\/02\/elton.jpg 951w, https:\/\/www.fra-com.com\/wp-content\/uploads\/2025\/02\/elton-300x189.jpg 300w, https:\/\/www.fra-com.com\/wp-content\/uploads\/2025\/02\/elton-768x484.jpg 768w\" sizes=\"(max-width: 951px) 100vw, 951px\" \/><\/figure><\/li><li class=\"blocks-gallery-item\"><figure><img loading=\"lazy\" width=\"1024\" height=\"586\" src=\"https:\/\/www.fra-com.com\/wp-content\/uploads\/2025\/02\/wonder-1024x586.jpg\" alt=\"\" data-id=\"969\" data-link=\"https:\/\/www.fra-com.com\/index.php\/sofan\/wonder\/\" class=\"wp-image-969\" srcset=\"https:\/\/www.fra-com.com\/wp-content\/uploads\/2025\/02\/wonder-1024x586.jpg 1024w, https:\/\/www.fra-com.com\/wp-content\/uploads\/2025\/02\/wonder-300x172.jpg 300w, https:\/\/www.fra-com.com\/wp-content\/uploads\/2025\/02\/wonder-768x439.jpg 768w, https:\/\/www.fra-com.com\/wp-content\/uploads\/2025\/02\/wonder.jpg 1229w\" sizes=\"(max-width: 1024px) 100vw, 1024px\" \/><\/figure><\/li><li class=\"blocks-gallery-item\"><figure><img loading=\"lazy\" width=\"1024\" height=\"531\" src=\"https:\/\/www.fra-com.com\/wp-content\/uploads\/2025\/02\/astoria-1024x531.jpg\" alt=\"\" data-id=\"971\" data-link=\"https:\/\/www.fra-com.com\/index.php\/sofan\/astoria-6\/\" class=\"wp-image-971\" srcset=\"https:\/\/www.fra-com.com\/wp-content\/uploads\/2025\/02\/astoria-1024x531.jpg 1024w, https:\/\/www.fra-com.com\/wp-content\/uploads\/2025\/02\/astoria-300x156.jpg 300w, https:\/\/www.fra-com.com\/wp-content\/uploads\/2025\/02\/astoria-768x398.jpg 768w, https:\/\/www.fra-com.com\/wp-content\/uploads\/2025\/02\/astoria.jpg 1155w\" sizes=\"(max-width: 1024px) 100vw, 1024px\" \/><\/figure><\/li><li class=\"blocks-gallery-item\"><figure><img loading=\"lazy\" width=\"899\" height=\"573\" src=\"https:\/\/www.fra-com.com\/wp-content\/uploads\/2025\/02\/bowie.jpg\" alt=\"\" data-id=\"967\" data-link=\"https:\/\/www.fra-com.com\/index.php\/sofan\/bowie\/\" class=\"wp-image-967\" srcset=\"https:\/\/www.fra-com.com\/wp-content\/uploads\/2025\/02\/bowie.jpg 899w, https:\/\/www.fra-com.com\/wp-content\/uploads\/2025\/02\/bowie-300x191.jpg 300w, https:\/\/www.fra-com.com\/wp-content\/uploads\/2025\/02\/bowie-768x490.jpg 768w\" sizes=\"(max-width: 899px) 100vw, 899px\" \/><\/figure><\/li><li class=\"blocks-gallery-item\"><figure><img loading=\"lazy\" width=\"948\" height=\"573\" src=\"https:\/\/www.fra-com.com\/wp-content\/uploads\/2025\/02\/milan.jpg\" alt=\"\" data-id=\"972\" data-full-url=\"https:\/\/www.fra-com.com\/wp-content\/uploads\/2025\/02\/milan.jpg\" data-link=\"https:\/\/www.fra-com.com\/index.php\/sofan\/milan-2\/\" class=\"wp-image-972\" srcset=\"https:\/\/www.fra-com.com\/wp-content\/uploads\/2025\/02\/milan.jpg 948w, https:\/\/www.fra-com.com\/wp-content\/uploads\/2025\/02\/milan-300x181.jpg 300w, https:\/\/www.fra-com.com\/wp-content\/uploads\/2025\/02\/milan-768x464.jpg 768w\" sizes=\"(max-width: 948px) 100vw, 948px\" \/><\/figure><\/li><\/ul><\/figure>\n<\/div><\/div>\n<\/div>\n<\/div>\n\n\n\n<figure class=\"wp-block-gallery columns-0 is-cropped\"><ul class=\"blocks-gallery-grid\"><\/ul><\/figure>\n<\/div>\n<\/div>\n<\/div>\n<\/div>\n\n\n\n<div class=\"wp-block-buttons\">\n\n\n\n<\/div>\n\n\n\n<p><\/p>\n","protected":false},"excerpt":{"rendered":"<p>Seit 2016 entwickelt FRA-COM gemeinsam mit Handelspartnern in Europa Polsterm\u00f6bel, mit hohem Anspruch an Funktionalit\u00e4t, Spa\u00df beim Budget, Qualit\u00e4t und Design. Unsere Zielgruppe stellt sich hier aus Menschen zusammen, welche ihre Polsterm\u00f6bel online kaufen. Unsere Handelspartner sind Katalog- und Onlineh\u00e4ndler in Europa. Die M\u00f6bel zielen auf trendorientiertes, anspruchsvolles aber schlichtes Design, geringes Transportvolumen, kundenfreundliche Montage, [&hellip;]<\/p>\n","protected":false},"author":1,"featured_media":0,"parent":0,"menu_order":0,"comment_status":"closed","ping_status":"closed","template":"","meta":[],"_links":{"self":[{"href":"https:\/\/www.fra-com.com\/index.php\/wp-json\/wp\/v2\/pages\/52"}],"collection":[{"href":"https:\/\/www.fra-com.com\/index.php\/wp-json\/wp\/v2\/pages"}],"about":[{"href":"https:\/\/www.fra-com.com\/index.php\/wp-json\/wp\/v2\/types\/page"}],"author":[{"embeddable":true,"href":"https:\/\/www.fra-com.com\/index.php\/wp-json\/wp\/v2\/users\/1"}],"replies":[{"embeddable":true,"href":"https:\/\/www.fra-com.com\/index.php\/wp-json\/wp\/v2\/comments?post=52"}],"version-history":[{"count":38,"href":"https:\/\/www.fra-com.com\/index.php\/wp-json\/wp\/v2\/pages\/52\/revisions"}],"predecessor-version":[{"id":975,"href":"https:\/\/www.fra-com.com\/index.php\/wp-json\/wp\/v2\/pages\/52\/revisions\/975"}],"wp:attachment":[{"href":"https:\/\/www.fra-com.com\/index.php\/wp-json\/wp\/v2\/media?parent=52"}],"curies":[{"name":"wp","href":"https:\/\/api.w.org\/{rel}","templated":true}]}}