{"id":63,"date":"2020-06-11T11:42:53","date_gmt":"2020-06-11T11:42:53","guid":{"rendered":"http:\/\/www.fra-com.com\/?page_id=63"},"modified":"2020-08-03T08:18:41","modified_gmt":"2020-08-03T08:18:41","slug":"scouting-services","status":"publish","type":"page","link":"https:\/\/www.fra-com.com\/index.php\/scouting-services\/","title":{"rendered":""},"content":{"rendered":"\n<div class=\"wp-block-group alignfull\"><div class=\"wp-block-group__inner-container\">\n<div class=\"wp-block-group\"><div class=\"wp-block-group__inner-container\">\n<p><\/p>\n\n\n\n<div class=\"wp-block-media-text alignfull is-stacked-on-mobile is-vertically-aligned-center\" style=\"grid-template-columns:68% auto\"><figure class=\"wp-block-media-text__media\"><img loading=\"lazy\" width=\"1024\" height=\"562\" src=\"http:\/\/www.fra-com.com\/wp-content\/uploads\/2020\/07\/header-Fra-Com-Scouting-11-6-2020-1024x562.jpg\" alt=\"\" class=\"wp-image-151\" srcset=\"https:\/\/www.fra-com.com\/wp-content\/uploads\/2020\/07\/header-Fra-Com-Scouting-11-6-2020-1024x562.jpg 1024w, https:\/\/www.fra-com.com\/wp-content\/uploads\/2020\/07\/header-Fra-Com-Scouting-11-6-2020-300x165.jpg 300w, https:\/\/www.fra-com.com\/wp-content\/uploads\/2020\/07\/header-Fra-Com-Scouting-11-6-2020-768x422.jpg 768w, https:\/\/www.fra-com.com\/wp-content\/uploads\/2020\/07\/header-Fra-Com-Scouting-11-6-2020-1536x843.jpg 1536w, https:\/\/www.fra-com.com\/wp-content\/uploads\/2020\/07\/header-Fra-Com-Scouting-11-6-2020-2048x1124.jpg 2048w\" sizes=\"(max-width: 1024px) 100vw, 1024px\" \/><\/figure><div class=\"wp-block-media-text__content\">\n<p>\u201enothing\u2019s impossible\u201c <\/p>\n\n\n\n<p>Unser Ziel ist es, Ihnen eine Win-Win Br\u00fccke zu bauen.<\/p>\n\n\n\n<p><strong><em>Was bedeutet Scouting?<\/em><\/strong> <\/p>\n<\/div><\/div>\n<\/div><\/div>\n<\/div><\/div>\n\n\n\n<figure class=\"wp-block-image size-large is-resized\"><img loading=\"lazy\" src=\"http:\/\/www.fra-com.com\/wp-content\/uploads\/2020\/07\/Bez-tytu\u0142u-2.png\" alt=\"\" class=\"wp-image-167\" width=\"149\" height=\"44\" srcset=\"https:\/\/www.fra-com.com\/wp-content\/uploads\/2020\/07\/Bez-tytu\u0142u-2.png 329w, https:\/\/www.fra-com.com\/wp-content\/uploads\/2020\/07\/Bez-tytu\u0142u-2-300x88.png 300w\" sizes=\"(max-width: 149px) 100vw, 149px\" \/><\/figure>\n\n\n\n<p>Von Menschen \u201eWest\u201c zu Menschen \u201eOst\u201c, von Produktidee zu Entwickler, von Vertriebsm\u00f6glichkeit zu Produktionsm\u00f6glichkeit, vom Designer oder Prototyp zum industrialisierten Handwerk. Die meisten unserer Kunden im Scouting Bereich, konnten bis dahin keine Erfahrungen mit Herstellern in Polen machen. Manche unserer Kunden verf\u00fcgen auch \u00fcber keinerlei fachliches oder technisches Knowhow. Eines haben jedoch alle gemeinsam, sie brennen f\u00fcr ihre aus dem M\u00f6belumfeld kommenden Ideen, und sie sind bereit eine partnerschaftliche Zusammenarbeit einzugehen, um aus ihrer Idee ein marktreifes Produkt entstehen zu lassen. Mit unserer \u00fcber 30-j\u00e4hrigen Erfahrung in der M\u00f6belbranche und unseren kompetenten polnischen Partnern aus der M\u00f6belfertigung gehen wir solche Projekte gemeinsam an. Wir arbeiten hier mit dem Prinzip des&nbsp; <a href=\"https:\/\/www.google.com\/search?client=firefox-b-d&amp;ei=N87hXszvMtKYkwWhrI6gDw&amp;q=target+costing+wikipedia+deutsch&amp;oq=target+costing+wikipedia+deutsch&amp;gs_lcp=CgZwc3ktYWIQAzIICCEQFhAdEB46BAgAEEc6AggAOgYIABAWEB46BAgAEBM6CAgAEBYQHhATOgoIABAWEAoQHhATOgoIABAIEA0QHhATOggIABANEB4QE1CPOFiAWGC_Y2gAcAF4AIABoQGIAdETkgEEMC4xOJgBAKABAaoBB2d3cy13aXo&amp;sclient=psy-ab&amp;ved=0ahUKEwiM542nkPnpAhVSzKQKHSGWA_QQ4dUDCAs&amp;uact=5\">Target-Costing<\/a> . Das hei\u00dft, die Kostenvorgabe kommt vom Markt, vom Verbraucher\u2026 vom Kunden. So sind wir relativ schnell in der Lage, zur\u00fcck zu kalkulieren, ob aus einem Kundenwunsch, ein Projekt mit Win-Win Situation entstehen kann. Unser Wissen aus dem Kaizen Management flie\u00dft dabei stets in unsere Arbeit, und damit auch in Ihr Produkt ein. Das beinhaltet sowohl Kreativit\u00e4t, L\u00f6sungsorientiertes Vorgehen, TQM (Total Qualit\u00e4t Management) TFM (Total Flow Management) JIT (Just In Time Produktion) bis hin zu \u201eOne Peace Flow\u201c Produktionsprozessen und -Linien. Dabei vergessen wir nie, dass alles immer nur Sinn beh\u00e4lt, wenn \u201eWin-Win\u201c in den Unternehmungen f\u00fcr alle Beteiligten bestehen bleibt. Vom Entwickler zum Handwerker und dem sp\u00e4teren Hersteller, bis hin zu unserem Kunden und seinen Endverbrauchern. Unser Ziel ist es, diese Win-Win Br\u00fccken mit Ihnen zusammen zu bauen.<\/p>\n\n\n\n<p><strong>Markus Franken<\/strong>, Gesch\u00e4ftsf\u00fchrer und Kaizen Manager <img loading=\"lazy\" width=\"289\" height=\"86\" class=\"wp-image-229\" style=\"width: 45px;\" src=\"http:\/\/www.fra-com.com\/wp-content\/uploads\/2020\/07\/images.png\" alt=\"\"><\/p>\n\n\n\n<p>Ausdr\u00fccklicher Dank gilt hier den nachfolgenden Kunden, die es mir erm\u00f6glicht haben verschiedene Produkte und unsere Zusammenarbeit an dieser Stelle vorstellen zu d\u00fcrfen. Aus Vertraulichkeitsgr\u00fcnden, k\u00f6nnen wir leider nicht alle Projekte vorstellen. Schauen sie sich an was SCOUTING bedeutet und wie vielf\u00e4ltig die M\u00f6glichkeiten sind.&nbsp; <strong>Nothing\u2019s impossible\u2026 <\/strong>\u00fcbrigens Europaweit, und dar\u00fcber hinaus.<\/p>\n\n\n\n<figure class=\"wp-block-image size-large is-resized\"><img loading=\"lazy\" src=\"http:\/\/www.fra-com.com\/wp-content\/uploads\/2020\/07\/Bez-tytu\u0142u-5.png\" alt=\"\" class=\"wp-image-177\" width=\"69\" height=\"20\" srcset=\"https:\/\/www.fra-com.com\/wp-content\/uploads\/2020\/07\/Bez-tytu\u0142u-5.png 329w, https:\/\/www.fra-com.com\/wp-content\/uploads\/2020\/07\/Bez-tytu\u0142u-5-300x88.png 300w\" sizes=\"(max-width: 69px) 100vw, 69px\" \/><\/figure>\n\n\n\n<figure class=\"wp-block-image size-large is-resized\"><img loading=\"lazy\" src=\"http:\/\/www.fra-com.com\/wp-content\/uploads\/2020\/07\/customer-logo-stripe-2-1024x58.jpg\" alt=\"\" class=\"wp-image-197\" width=\"642\" height=\"35\" srcset=\"https:\/\/www.fra-com.com\/wp-content\/uploads\/2020\/07\/customer-logo-stripe-2-1024x58.jpg 1024w, https:\/\/www.fra-com.com\/wp-content\/uploads\/2020\/07\/customer-logo-stripe-2-300x17.jpg 300w, https:\/\/www.fra-com.com\/wp-content\/uploads\/2020\/07\/customer-logo-stripe-2-768x43.jpg 768w, https:\/\/www.fra-com.com\/wp-content\/uploads\/2020\/07\/customer-logo-stripe-2-1536x87.jpg 1536w, https:\/\/www.fra-com.com\/wp-content\/uploads\/2020\/07\/customer-logo-stripe-2-2048x116.jpg 2048w\" sizes=\"(max-width: 642px) 100vw, 642px\" \/><\/figure>\n\n\n\n<figure class=\"wp-block-image size-large is-resized\"><img loading=\"lazy\" src=\"http:\/\/www.fra-com.com\/wp-content\/uploads\/2020\/07\/Bez-tytu\u0142u-1.png\" alt=\"\" class=\"wp-image-166\" width=\"137\" height=\"40\" srcset=\"https:\/\/www.fra-com.com\/wp-content\/uploads\/2020\/07\/Bez-tytu\u0142u-1.png 329w, https:\/\/www.fra-com.com\/wp-content\/uploads\/2020\/07\/Bez-tytu\u0142u-1-300x88.png 300w\" sizes=\"(max-width: 137px) 100vw, 137px\" \/><\/figure>\n\n\n\n<div class=\"wp-block-media-text alignwide is-stacked-on-mobile\" style=\"grid-template-columns:46% auto\"><figure class=\"wp-block-media-text__media\"><img loading=\"lazy\" width=\"1024\" height=\"684\" src=\"http:\/\/www.fra-com.com\/wp-content\/uploads\/2020\/07\/DH3-2-1024x684.jpg\" alt=\"\" class=\"wp-image-165\" srcset=\"https:\/\/www.fra-com.com\/wp-content\/uploads\/2020\/07\/DH3-2-1024x684.jpg 1024w, https:\/\/www.fra-com.com\/wp-content\/uploads\/2020\/07\/DH3-2-300x200.jpg 300w, https:\/\/www.fra-com.com\/wp-content\/uploads\/2020\/07\/DH3-2-768x513.jpg 768w, https:\/\/www.fra-com.com\/wp-content\/uploads\/2020\/07\/DH3-2-1536x1027.jpg 1536w, https:\/\/www.fra-com.com\/wp-content\/uploads\/2020\/07\/DH3-2.jpg 1616w\" sizes=\"(max-width: 1024px) 100vw, 1024px\" \/><\/figure><div class=\"wp-block-media-text__content\">\n<p style=\"font-size:15px\"><img loading=\"lazy\" width=\"218\" height=\"43\" class=\"wp-image-94\" style=\"width: 100px;\" src=\"http:\/\/www.fra-com.com\/wp-content\/uploads\/2020\/07\/logo-Dyhanse.png\" alt=\"\">   <img loading=\"lazy\" width=\"275\" height=\"245\" class=\"wp-image-95\" style=\"width: 25px;\" src=\"http:\/\/www.fra-com.com\/wp-content\/uploads\/2020\/07\/CH.png\" alt=\"\">   <strong> <em>DHYANSE SIT, MEDITATION CUSHION FOR CORRECT POSTURE<\/em><\/strong><em>, <\/em>ein ganz tolles, au\u00dfergew\u00f6hnliches und diese Welt bereicherndes Produkt. Auch ein Startup, Fotos eines Prototyps, ein paar Skizzen, Ma\u00dfangaben und von ihrem Produkt \u00fcberzeugte und sehr sympathische Gr\u00fcnder. Das war die \u00fcberzeugende Ausgangslage um hier unsere M\u00f6glichkeiten bei Entwicklung und Scouting einsetzten zu k\u00f6nnen. <\/p>\n<\/div><\/div>\n\n\n\n<p><strong><em>Lesen Sie wie <\/em>Dr. Kristin Garg, Gesch\u00e4ftsf\u00fchrerin<em> bei DHYANSE die Zusammenarbeit beschreibt:<\/em><\/strong><em> <\/em>Auf der Suche nach einem erfahrenen Hersteller f\u00fcr unser ergonomisches Meditationskissen wurde uns FRA-COM Markus Franken empfohlen. Gleich beim ersten Kontakt mit Markus wussten wir, dass wir zusammen etwas Gro\u00dfartiges kreieren k\u00f6nnen. Und so ist es geschehen: zusammen haben wir an der Idee gefeilt, einen Prototyp erstellt, optimiert und ein extrem elegantes und funktionelles Endprodukt auf den Markt gebracht. Markus hat dabei einen elementaren Beitrag geleistet und uns oftmals durch seine Kreativit\u00e4t, Voraussicht und Freude begl\u00fcckt. Hohe Qualit\u00e4t und individuelle L\u00f6sungen. Leidenschaft, Vernunft und gleichzeitig stets auf das Wohl aller Beteiligten bedacht. Handfeste Arbeit mit Kopf und Herz! Wir freuen uns auf das n\u00e4chste Projekt mit ihm!<\/p>\n\n\n\n<p class=\"has-text-color has-very-dark-gray-color\">Dr. Kristin Garg, Gesch\u00e4ftsf\u00fchrerin.<\/p>\n\n\n\n<p class=\"has-text-color has-vivid-cyan-blue-color\"> <a href=\"https:\/\/dhyanse.life\/\">https:\/\/dhyanse.life<\/a><\/p>\n\n\n\n<figure class=\"wp-block-image size-large is-resized\"><img loading=\"lazy\" src=\"http:\/\/www.fra-com.com\/wp-content\/uploads\/2020\/07\/Bez-tytu\u0142u-2.png\" alt=\"\" class=\"wp-image-167\" width=\"119\" height=\"35\" srcset=\"https:\/\/www.fra-com.com\/wp-content\/uploads\/2020\/07\/Bez-tytu\u0142u-2.png 329w, https:\/\/www.fra-com.com\/wp-content\/uploads\/2020\/07\/Bez-tytu\u0142u-2-300x88.png 300w\" sizes=\"(max-width: 119px) 100vw, 119px\" \/><\/figure>\n\n\n\n<div class=\"wp-block-media-text alignwide is-stacked-on-mobile\" style=\"grid-template-columns:19% auto\"><figure class=\"wp-block-media-text__media\"><img loading=\"lazy\" width=\"288\" height=\"771\" src=\"http:\/\/www.fra-com.com\/wp-content\/uploads\/2020\/07\/COLOP2.jpg\" alt=\"\" class=\"wp-image-195\" srcset=\"https:\/\/www.fra-com.com\/wp-content\/uploads\/2020\/07\/COLOP2.jpg 288w, https:\/\/www.fra-com.com\/wp-content\/uploads\/2020\/07\/COLOP2-112x300.jpg 112w\" sizes=\"(max-width: 288px) 100vw, 288px\" \/><\/figure><div class=\"wp-block-media-text__content\">\n<p><img loading=\"lazy\" width=\"1047\" height=\"698\" class=\"wp-image-168\" style=\"width: 25px;\" src=\"http:\/\/www.fra-com.com\/wp-content\/uploads\/2020\/07\/be-flag.png\" alt=\"\" srcset=\"https:\/\/www.fra-com.com\/wp-content\/uploads\/2020\/07\/be-flag.png 1047w, https:\/\/www.fra-com.com\/wp-content\/uploads\/2020\/07\/be-flag-300x200.png 300w, https:\/\/www.fra-com.com\/wp-content\/uploads\/2020\/07\/be-flag-1024x683.png 1024w, https:\/\/www.fra-com.com\/wp-content\/uploads\/2020\/07\/be-flag-768x512.png 768w\" sizes=\"(max-width: 1047px) 100vw, 1047px\" \/> <img loading=\"lazy\" width=\"255\" height=\"170\" class=\"wp-image-169\" style=\"width: 25px;\" src=\"http:\/\/www.fra-com.com\/wp-content\/uploads\/2020\/07\/255px-Flag_of_Austria.svg_.png\" alt=\"\">    <strong>Die POS Displays f\u00fcr COLOP ARTS&amp;CRAFTS<\/strong> zu scouten, waren ein Paradebeispiel, f\u00fcr unsere Dienstleistungen im Scouting Bereich. Ausgehend von einem in Eisen gefertigten Einzelst\u00fcck, galt es ein serienreifes Produkt, mit \u201e1 Paket Kurierdienstanspruch\u201c also Gurtma\u00df und unter 30KG Gesamtgewicht zu entwickeln. Vom M\u00f6belbaukonzept, \u00fcber professionelles Packaging inklusive, kundenfreundlicher und professioneller Aufbauanleitung, eine Herausforderung, welche wir in enger Zusammenarbeit mit den Mitarbeitern von COLOP ARTS&amp;CRAFTS in einem Zeitraum von 4 Monaten liefern konnten. In der Folge wurden unter \u00e4hnlichen Bedingungen weitere Modelle entwickelt und hunderte M\u00f6bel ausgeliefert. Insgesamt 4 polnische Partnerunternehmen haben hier Ihre professionelle Arbeit unter Beweis stellen k\u00f6nnen.&nbsp; Die Koordination, Beschaffung aller Einzelbauteile bis hin zur Lieferung werden durch FRA-COM zuverl\u00e4ssig geleistet.<\/p>\n\n\n\n<p><\/p>\n<\/div><\/div>\n\n\n\n<p><strong><em>Lesen Sie wie unsere Partner die Zusammenarbeit beschreiben: <\/em><\/strong>Unsere Erfahrungen mit FRA-COM Markus Franken und seinen polnischen Partnern w\u00fcrden wir als professionell, mitdenkend und \u00e4u\u00dferst angenehm bezeichnen. Markus bringt einen gro\u00dfen Erfahrungsschatz aus seiner langj\u00e4hrigen T\u00e4tigkeit in Polen mit und weiss diese hoch professionell einzusetzen.&nbsp;Diverse M\u00f6bel und POS Konzepte welche wir mit Markus in&nbsp;den&nbsp;letzten Jahren eingef\u00fchrt haben, wurden immer zu unserer vollsten Zufriedenheit vor Ort in Polen marktreif entwickelt und produziert. Markus ist das perfekte und verl\u00e4ssliche Bindeglied zwischen Entwicklung, Beschaffung und serienreifer Produktion, gepaart mit dem notwendigen Wissen zu polnischen Produktionsm\u00f6glichkeiten.&nbsp;<\/p>\n\n\n\n<p><strong>Jacques Ahn &#8211; Managing Director&nbsp;Colop Arts &amp; Crafts. <\/strong><\/p>\n\n\n\n<p class=\"has-text-color has-vivid-cyan-blue-color\"><a href=\"https:\/\/www.colopartsandcrafts.com\/de\/\">https:\/\/www.colopartsandcrafts.com\/de\/<\/a><\/p>\n\n\n\n<figure class=\"wp-block-image size-large is-resized\"><img loading=\"lazy\" src=\"http:\/\/www.fra-com.com\/wp-content\/uploads\/2020\/07\/Bez-tytu\u0142u-2.png\" alt=\"\" class=\"wp-image-167\" width=\"127\" height=\"37\" srcset=\"https:\/\/www.fra-com.com\/wp-content\/uploads\/2020\/07\/Bez-tytu\u0142u-2.png 329w, https:\/\/www.fra-com.com\/wp-content\/uploads\/2020\/07\/Bez-tytu\u0142u-2-300x88.png 300w\" sizes=\"(max-width: 127px) 100vw, 127px\" \/><\/figure>\n\n\n\n<div class=\"wp-block-media-text alignwide is-stacked-on-mobile\" style=\"grid-template-columns:38% auto\"><figure class=\"wp-block-media-text__media\"><img loading=\"lazy\" width=\"948\" height=\"912\" src=\"http:\/\/www.fra-com.com\/wp-content\/uploads\/2020\/07\/Nerdytec-2-1.jpg\" alt=\"\" class=\"wp-image-198\" srcset=\"https:\/\/www.fra-com.com\/wp-content\/uploads\/2020\/07\/Nerdytec-2-1.jpg 948w, https:\/\/www.fra-com.com\/wp-content\/uploads\/2020\/07\/Nerdytec-2-1-300x289.jpg 300w, https:\/\/www.fra-com.com\/wp-content\/uploads\/2020\/07\/Nerdytec-2-1-768x739.jpg 768w\" sizes=\"(max-width: 948px) 100vw, 948px\" \/><\/figure><div class=\"wp-block-media-text__content\">\n<p style=\"font-size:15px\"><img loading=\"lazy\" width=\"1000\" height=\"600\" class=\"wp-image-175\" style=\"width: 25px;\" src=\"http:\/\/www.fra-com.com\/wp-content\/uploads\/2020\/07\/flag-of-germany.jpg\" alt=\"\" srcset=\"https:\/\/www.fra-com.com\/wp-content\/uploads\/2020\/07\/flag-of-germany.jpg 1000w, https:\/\/www.fra-com.com\/wp-content\/uploads\/2020\/07\/flag-of-germany-300x180.jpg 300w, https:\/\/www.fra-com.com\/wp-content\/uploads\/2020\/07\/flag-of-germany-768x461.jpg 768w\" sizes=\"(max-width: 1000px) 100vw, 1000px\" \/>       Von einem Prototyp der innovativen Jungunternehmer ausgehend, durfte FRA-COM seine technischen Erfahrungen in das Produkt einflie\u03b2en lassen, und in enger Zusammenarbeit mit den Gr\u00fcndern, wurde ein marktf\u00e4higes Produkt entwickelt. <\/p>\n<\/div><\/div>\n\n\n\n<p>W\u00e4hrend mehrerer Jahre, wurden die COUCHMASTER\u00ae durch von FRA-COM gescoutete Partner, auch in Einzel- und Sonderserien erfolgreich hergestellt, FRA-COM konnte somit einen beachtlichen Beitrag leisten, die au\u03b2er-gew\u00f6hnliche Erfolgsgeschichte der COUCHMASTER\u00ae positiv zu beeinflussen. Mittlerweile werden nerdytec Produkte in gro\u00dfen Mengen in Fernost gefertigt.<\/p>\n\n\n\n<p><strong>Lesen Sie wie unsere Partner die Zusammenarbeit beschreiben:<\/strong><em> Hallo Markus,&nbsp; Sehr sch\u00f6n hier zu Wort kommen zu d\u00fcrfen, da werden direkt viele Erinnerungen an die Anfangszeit wach. Ja leider hat uns wie es meistens so ist der Massen Markt dazu gedr\u00e4ngt im Fernen Osten unseren competitiven Vorteil zu suchen. Wir sind dir trotzdem unendlich dankbar f\u00fcr deine Hilfe und Zusammenarbeit wodurch wir erst dahin kommen konnten wo wir heute stehen, ein mittelst\u00e4ndisches Unternehmen, das weiter w\u00e4chst und den Menschen weltweit immer neue Versionen unserer Vision bereit stellen kann. Sei dir gewiss wir haben noch weitere Projekte im Hinterkopf und du wirst immer unsere erste Anlaufstelle sein um eine Produktion in Europa zu initiieren.<br><\/em><strong>Ganz liebe Gr\u00fc\u00dfe, Chris &amp; Roman <\/strong><a href=\"https:\/\/www.nerdytec.com\/de\/\"><\/a><\/p>\n\n\n\n<p class=\"has-text-color has-vivid-cyan-blue-color\"><a href=\"https:\/\/www.nerdytec.com\/de\/\">https:\/\/www.nerdytec.com\/de\/<\/a><\/p>\n\n\n\n<figure class=\"wp-block-image size-large is-resized\"><img loading=\"lazy\" src=\"http:\/\/www.fra-com.com\/wp-content\/uploads\/2020\/07\/Bez-tytu\u0142u-2.png\" alt=\"\" class=\"wp-image-167\" width=\"113\" height=\"33\" srcset=\"https:\/\/www.fra-com.com\/wp-content\/uploads\/2020\/07\/Bez-tytu\u0142u-2.png 329w, https:\/\/www.fra-com.com\/wp-content\/uploads\/2020\/07\/Bez-tytu\u0142u-2-300x88.png 300w\" sizes=\"(max-width: 113px) 100vw, 113px\" \/><\/figure>\n\n\n\n<figure class=\"wp-block-image size-large is-resized\"><img loading=\"lazy\" src=\"http:\/\/www.fra-com.com\/wp-content\/uploads\/2020\/07\/unnamed.png\" alt=\"\" class=\"wp-image-180\" width=\"127\" height=\"56\"\/><\/figure>\n\n\n\n<div class=\"wp-block-media-text alignwide is-stacked-on-mobile\" style=\"grid-template-columns:41% auto\"><figure class=\"wp-block-media-text__media\"><img loading=\"lazy\" width=\"574\" height=\"383\" src=\"http:\/\/www.fra-com.com\/wp-content\/uploads\/2020\/07\/Wow-2.jpg.png\" alt=\"\" class=\"wp-image-176\" srcset=\"https:\/\/www.fra-com.com\/wp-content\/uploads\/2020\/07\/Wow-2.jpg.png 574w, https:\/\/www.fra-com.com\/wp-content\/uploads\/2020\/07\/Wow-2.jpg-300x200.png 300w\" sizes=\"(max-width: 574px) 100vw, 574px\" \/><\/figure><div class=\"wp-block-media-text__content\">\n<p><img loading=\"lazy\" width=\"1047\" height=\"698\" class=\"wp-image-168\" style=\"width: 25px;\" src=\"http:\/\/www.fra-com.com\/wp-content\/uploads\/2020\/07\/be-flag.png\" alt=\"\" srcset=\"https:\/\/www.fra-com.com\/wp-content\/uploads\/2020\/07\/be-flag.png 1047w, https:\/\/www.fra-com.com\/wp-content\/uploads\/2020\/07\/be-flag-300x200.png 300w, https:\/\/www.fra-com.com\/wp-content\/uploads\/2020\/07\/be-flag-1024x683.png 1024w, https:\/\/www.fra-com.com\/wp-content\/uploads\/2020\/07\/be-flag-768x512.png 768w\" sizes=\"(max-width: 1047px) 100vw, 1047px\" \/>&nbsp; \u2026 ein innovatives junges Unternehmen und ein Meister seines Faches. Gerne arbeiten wir seit mehreren Jahren gemeinsam und helfen dabei die Designs und Vorstellungen der kreativen WOWer mit umzusetzen. Auch immer wieder spannend ob es zu einem Deal kommen kann, oder ob Preis,&nbsp; Termin oder Machbarkeit die Sache f\u00fcr alle unm\u00f6glich machen. <\/p>\n<\/div><\/div>\n\n\n\n<p>Platzsparend, schnelle Montage, Stabilit\u00e4t, Gewicht, Termin\u2026 das sind die Herausforderungen bei diesem Kunden. \u00a0In der Natur des Gesch\u00e4ftsmodells von \u201eWOW EVENT design\u201c liegt es auch das oftmals kurzfristig Events dazu kommen, und wenn dann schon alles vermietet ist, springen wir gerne ein und k\u00f6nnen helfen. Getreu dem Motto \u201enothing\u2019s impossible\u201c gelingt uns gemeinsam sehr vieles.<\/p>\n\n\n\n<p><strong><em>Lesen Sie wie unsere Partner die Zusammenarbeit beschreiben:<\/em><\/strong><em> <\/em>Mit FRA-COM haben wir einen Partner gefunden der uns von der Ideen-Findung, zu den Prototypen bis hin zur Serien-Fertigung begleitet.&nbsp; Seine Erfahrungen im M\u00f6bel-Bau sind f\u00fcr uns bei der Entwicklung neuer Miet-M\u00f6bel sehr hilfreich. Die Tatsache, dass er Polsterarbeiten, Holz- und Metallbau aus einer Hand anbietet ist f\u00fcr unsere Projekte von gro\u00dfem Vorteil!<\/p>\n\n\n\n<p><strong>Philipp Tomasso, WOW Eventdesign<\/strong><\/p>\n\n\n\n<p class=\"has-text-color has-vivid-cyan-blue-color\"><a href=\"https:\/\/woweventdesign.com\">https:\/\/woweventdesign.com<\/a><\/p>\n","protected":false},"excerpt":{"rendered":"<p>\u201enothing\u2019s impossible\u201c Unser Ziel ist es, Ihnen eine Win-Win Br\u00fccke zu bauen. Was bedeutet Scouting? Von Menschen \u201eWest\u201c zu Menschen \u201eOst\u201c, von Produktidee zu Entwickler, von Vertriebsm\u00f6glichkeit zu Produktionsm\u00f6glichkeit, vom Designer oder Prototyp zum industrialisierten Handwerk. Die meisten unserer Kunden im Scouting Bereich, konnten bis dahin keine Erfahrungen mit Herstellern in Polen machen. Manche unserer [&hellip;]<\/p>\n","protected":false},"author":1,"featured_media":0,"parent":0,"menu_order":0,"comment_status":"closed","ping_status":"closed","template":"","meta":[],"_links":{"self":[{"href":"https:\/\/www.fra-com.com\/index.php\/wp-json\/wp\/v2\/pages\/63"}],"collection":[{"href":"https:\/\/www.fra-com.com\/index.php\/wp-json\/wp\/v2\/pages"}],"about":[{"href":"https:\/\/www.fra-com.com\/index.php\/wp-json\/wp\/v2\/types\/page"}],"author":[{"embeddable":true,"href":"https:\/\/www.fra-com.com\/index.php\/wp-json\/wp\/v2\/users\/1"}],"replies":[{"embeddable":true,"href":"https:\/\/www.fra-com.com\/index.php\/wp-json\/wp\/v2\/comments?post=63"}],"version-history":[{"count":23,"href":"https:\/\/www.fra-com.com\/index.php\/wp-json\/wp\/v2\/pages\/63\/revisions"}],"predecessor-version":[{"id":770,"href":"https:\/\/www.fra-com.com\/index.php\/wp-json\/wp\/v2\/pages\/63\/revisions\/770"}],"wp:attachment":[{"href":"https:\/\/www.fra-com.com\/index.php\/wp-json\/wp\/v2\/media?parent=63"}],"curies":[{"name":"wp","href":"https:\/\/api.w.org\/{rel}","templated":true}]}}