{"id":804,"date":"2021-07-07T13:02:15","date_gmt":"2021-07-07T13:02:15","guid":{"rendered":"http:\/\/www.fra-com.com\/?page_id=804"},"modified":"2025-02-06T08:03:23","modified_gmt":"2025-02-06T08:03:23","slug":"2liftu-2","status":"publish","type":"page","link":"https:\/\/www.fra-com.com\/index.php\/2liftu-2\/","title":{"rendered":"2liftu\u00ae"},"content":{"rendered":"\n<p class=\"has-text-align-center\"><strong>Qualit<\/strong><strong>\u00e4<\/strong><strong>tssitzm<\/strong><strong>\u00f6<\/strong><strong>bel mit mustergesch<\/strong><strong>\u00fc<\/strong><strong>tzen 2liftu Aufstehhilfsfunktion<\/strong><\/p>\n\n\n\n<p class=\"has-text-align-center\">Neuartige Entlastung f\u00fcr Menschen mit eingeschr\u00e4nktem St\u00fctz-und Bewegungsapparat sowie f\u00fcr deren Betreuer.<\/p>\n\n\n\n<figure class=\"wp-block-gallery aligncenter columns-1 is-cropped\"><ul class=\"blocks-gallery-grid\"><li class=\"blocks-gallery-item\"><figure><img loading=\"lazy\" width=\"1024\" height=\"828\" src=\"https:\/\/www.fra-com.com\/wp-content\/uploads\/2023\/03\/Dok1-1-1024x828.jpg\" alt=\"\" data-id=\"912\" data-full-url=\"https:\/\/www.fra-com.com\/wp-content\/uploads\/2023\/03\/Dok1-1.jpg\" data-link=\"https:\/\/www.fra-com.com\/index.php\/2liftu-2\/dok1-1\/\" class=\"wp-image-912\" srcset=\"https:\/\/www.fra-com.com\/wp-content\/uploads\/2023\/03\/Dok1-1-1024x828.jpg 1024w, https:\/\/www.fra-com.com\/wp-content\/uploads\/2023\/03\/Dok1-1-300x243.jpg 300w, https:\/\/www.fra-com.com\/wp-content\/uploads\/2023\/03\/Dok1-1-768x621.jpg 768w, https:\/\/www.fra-com.com\/wp-content\/uploads\/2023\/03\/Dok1-1-1536x1242.jpg 1536w, https:\/\/www.fra-com.com\/wp-content\/uploads\/2023\/03\/Dok1-1.jpg 1865w\" sizes=\"(max-width: 1024px) 100vw, 1024px\" \/><\/figure><\/li><\/ul><\/figure>\n\n\n\n<blockquote class=\"wp-block-quote has-text-align-center is-style-default\"><p>Nutzer sowie auch Betreuer bzw. Pflegepersonal, werden durch die Hubkraft unter der Sitzfl\u00e4che, in 6 einstellbaren Kraftstufen, sowohl beim Hinsetzen durch Abfederung, als auch beim wieder Aufstehen durch Hubkraft sehr stark entlastet.<\/p><\/blockquote>\n\n\n\n<p><strong>Eine wirkliche Hilfe und gro\u00dfe Entlastung des Nutzers sowie seines Pflegebeauftragten.<\/strong><\/p>\n\n\n\n<ul><li>3 zeitlose Designs, St\u00fchle: Classic, Bellevue und Vienna<\/li><li>Bis zu 60Kg Gegendruck beim Hinsetzen und Aufstehen.<\/li><li>Hubkraft individuell je nach Gr\u00f6\u00dfe und Gewicht in 6 Stufen verstellbar.<\/li><li>Hervorragende Ergonomie, bequemer Sitzkomfort mit hochwertigen HR30-35Kg\/m\u00b3 Schaumstoff.<\/li><li>Sowohl Standardh\u00f6hen als auch als Hochlehner lieferbar.<\/li><li>Zahlreiche Holz-, Stoff- und Kunstlederfarben.<\/li><li>Hergestellt in der EU, aus massivem europ\u00e4ischem Buchenholz.<\/li><\/ul>\n\n\n\n<p class=\"has-text-align-center\"><strong>Zahlreiche Exclusive Optionen<\/strong><\/p>\n\n\n\n<ul><li>Nach <strong>europ\u00e4ischen Normen<\/strong>, schwer entflammbare Lackierung, Schaum- und\/oder Bezugstoffe.<\/li><li>Medizinische zertifizierte <strong>Hygienebezugstoffe<\/strong>. (ELASTRON,ABITEX, CAMIRA, ITALVELUTI\u2026)<\/li><li>Sitzpolsterung <strong>Antidekubitus<\/strong> mit 3cm und 8cm <strong>Viscoseschaum Kissenauflage<\/strong>.<\/li><li>Extrasitzbreiten 58cm und 68cm f\u00fcr <strong>Adipositas<\/strong> (Fettleibigkeit) mit sowie auch ohne 2liftu funktion<strong>.<\/strong><\/li><li>Passendes <strong>R\u00fccken- Nierenkissen<\/strong> f\u00fcr stabile Sitzhaltung.<\/li><li>Ihrem Fu\u00dfboden entsprechend angepasste <strong>Nylon,<strong>Filz<\/strong>&#8211; oder <strong>Gummi<\/strong>gleiter<\/strong>.<\/li><\/ul>\n\n\n\n<p class=\"has-text-align-center\">Aus Sicherheitsgr\u00fcnden, nur bei Standardst\u00fchlen ohne 2liftu Funktion:<\/p>\n\n\n\n<ul><li><strong>2 oder 4 Rollenf\u00fc\u03b2e.<\/strong><\/li><li>Alle Stuhl Modelle <strong>auch ohne Armlehnen<\/strong>. <em>&nbsp;<\/em><\/li><\/ul>\n\n\n\n<figure class=\"wp-block-gallery columns-3 is-cropped\"><ul class=\"blocks-gallery-grid\"><li class=\"blocks-gallery-item\"><figure><img loading=\"lazy\" width=\"1024\" height=\"678\" src=\"https:\/\/www.fra-com.com\/wp-content\/uploads\/2023\/03\/Classic_2.jpg\" alt=\"\" data-id=\"907\" data-full-url=\"https:\/\/www.fra-com.com\/wp-content\/uploads\/2023\/03\/Classic_2.jpg\" data-link=\"https:\/\/www.fra-com.com\/index.php\/2liftu-2\/classic_2\/\" class=\"wp-image-907\" srcset=\"https:\/\/www.fra-com.com\/wp-content\/uploads\/2023\/03\/Classic_2.jpg 1024w, https:\/\/www.fra-com.com\/wp-content\/uploads\/2023\/03\/Classic_2-300x199.jpg 300w, https:\/\/www.fra-com.com\/wp-content\/uploads\/2023\/03\/Classic_2-768x509.jpg 768w\" sizes=\"(max-width: 1024px) 100vw, 1024px\" \/><\/figure><\/li><li class=\"blocks-gallery-item\"><figure><img loading=\"lazy\" width=\"1024\" height=\"741\" src=\"https:\/\/www.fra-com.com\/wp-content\/uploads\/2023\/03\/Bellevue_table1_1-1024x741.jpg\" alt=\"\" data-id=\"906\" data-full-url=\"https:\/\/www.fra-com.com\/wp-content\/uploads\/2023\/03\/Bellevue_table1_1-scaled.jpg\" data-link=\"https:\/\/www.fra-com.com\/index.php\/2liftu-2\/bellevue_table1_1\/\" class=\"wp-image-906\" srcset=\"https:\/\/www.fra-com.com\/wp-content\/uploads\/2023\/03\/Bellevue_table1_1-1024x741.jpg 1024w, https:\/\/www.fra-com.com\/wp-content\/uploads\/2023\/03\/Bellevue_table1_1-300x217.jpg 300w, https:\/\/www.fra-com.com\/wp-content\/uploads\/2023\/03\/Bellevue_table1_1-768x556.jpg 768w, https:\/\/www.fra-com.com\/wp-content\/uploads\/2023\/03\/Bellevue_table1_1-1536x1111.jpg 1536w, https:\/\/www.fra-com.com\/wp-content\/uploads\/2023\/03\/Bellevue_table1_1-2048x1481.jpg 2048w\" sizes=\"(max-width: 1024px) 100vw, 1024px\" \/><\/figure><\/li><li class=\"blocks-gallery-item\"><figure><img loading=\"lazy\" width=\"1024\" height=\"678\" src=\"https:\/\/www.fra-com.com\/wp-content\/uploads\/2023\/03\/Classic_3.jpg\" alt=\"\" data-id=\"908\" data-full-url=\"https:\/\/www.fra-com.com\/wp-content\/uploads\/2023\/03\/Classic_3.jpg\" data-link=\"https:\/\/www.fra-com.com\/index.php\/2liftu-2\/classic_3\/\" class=\"wp-image-908\" srcset=\"https:\/\/www.fra-com.com\/wp-content\/uploads\/2023\/03\/Classic_3.jpg 1024w, https:\/\/www.fra-com.com\/wp-content\/uploads\/2023\/03\/Classic_3-300x199.jpg 300w, https:\/\/www.fra-com.com\/wp-content\/uploads\/2023\/03\/Classic_3-768x509.jpg 768w\" sizes=\"(max-width: 1024px) 100vw, 1024px\" \/><\/figure><\/li><\/ul><\/figure>\n\n\n\n<div class=\"wp-block-media-text alignfull has-media-on-the-right is-stacked-on-mobile is-vertically-aligned-top\"><figure class=\"wp-block-media-text__media\"><video controls src=\"https:\/\/www.fra-com.com\/wp-content\/uploads\/2023\/03\/Aufstehen-Buisness.mp4\"><\/video><\/figure><div class=\"wp-block-media-text__content\">\n<p>www.2liftu.com <\/p>\n\n\n\n<p>2liftu(at)fra-com.com<\/p>\n\n\n\n<p>2liftu.de(at)fra-com.com<\/p>\n\n\n\n<p>Mobil&nbsp;+48 573 071 943<\/p>\n<\/div><\/div>\n\n\n\n<p><\/p>\n\n\n\n<p><\/p>\n\n\n\n<p>Mehr Info: sales@fra-com.com \/ info@fra-com.com<\/p>\n","protected":false},"excerpt":{"rendered":"<p>Qualit\u00e4tssitzm\u00f6bel mit mustergesch\u00fctzen 2liftu Aufstehhilfsfunktion Neuartige Entlastung f\u00fcr Menschen mit eingeschr\u00e4nktem St\u00fctz-und Bewegungsapparat sowie f\u00fcr deren Betreuer. Nutzer sowie auch Betreuer bzw. Pflegepersonal, werden durch die Hubkraft unter der Sitzfl\u00e4che, in 6 einstellbaren Kraftstufen, sowohl beim Hinsetzen durch Abfederung, als auch beim wieder Aufstehen durch Hubkraft sehr stark entlastet. Eine wirkliche Hilfe und gro\u00dfe Entlastung [&hellip;]<\/p>\n","protected":false},"author":1,"featured_media":0,"parent":0,"menu_order":0,"comment_status":"closed","ping_status":"closed","template":"","meta":[],"_links":{"self":[{"href":"https:\/\/www.fra-com.com\/index.php\/wp-json\/wp\/v2\/pages\/804"}],"collection":[{"href":"https:\/\/www.fra-com.com\/index.php\/wp-json\/wp\/v2\/pages"}],"about":[{"href":"https:\/\/www.fra-com.com\/index.php\/wp-json\/wp\/v2\/types\/page"}],"author":[{"embeddable":true,"href":"https:\/\/www.fra-com.com\/index.php\/wp-json\/wp\/v2\/users\/1"}],"replies":[{"embeddable":true,"href":"https:\/\/www.fra-com.com\/index.php\/wp-json\/wp\/v2\/comments?post=804"}],"version-history":[{"count":29,"href":"https:\/\/www.fra-com.com\/index.php\/wp-json\/wp\/v2\/pages\/804\/revisions"}],"predecessor-version":[{"id":948,"href":"https:\/\/www.fra-com.com\/index.php\/wp-json\/wp\/v2\/pages\/804\/revisions\/948"}],"wp:attachment":[{"href":"https:\/\/www.fra-com.com\/index.php\/wp-json\/wp\/v2\/media?parent=804"}],"curies":[{"name":"wp","href":"https:\/\/api.w.org\/{rel}","templated":true}]}}